{"id":3,"date":"2023-06-01T13:38:38","date_gmt":"2023-06-01T16:38:38","guid":{"rendered":"https:\/\/trendprix.com\/?page_id=3"},"modified":"2023-09-20T10:49:13","modified_gmt":"2023-09-20T13:49:13","slug":"politica-de-privacidade","status":"publish","type":"page","link":"https:\/\/trendprix.com\/index.php\/politica-de-privacidade\/","title":{"rendered":"Pol\u00edtica de privacidade"},"content":{"rendered":"\t\t<div data-elementor-type=\"wp-page\" data-elementor-id=\"3\" class=\"elementor elementor-3\" data-elementor-post-type=\"page\">\n\t\t\t\t\t\t<section class=\"elementor-section elementor-top-section elementor-element elementor-element-1c74157f elementor-section-boxed elementor-section-height-default elementor-section-height-default\" data-id=\"1c74157f\" data-element_type=\"section\" data-settings=\"{&quot;background_background&quot;:&quot;classic&quot;}\">\n\t\t\t\t\t\t\t<div class=\"elementor-background-overlay\"><\/div>\n\t\t\t\t\t\t\t<div class=\"elementor-container elementor-column-gap-default\">\n\t\t\t\t\t<div class=\"elementor-column elementor-col-100 elementor-top-column elementor-element elementor-element-2c5c9c38\" data-id=\"2c5c9c38\" data-element_type=\"column\">\n\t\t\t<div class=\"elementor-widget-wrap elementor-element-populated\">\n\t\t\t\t\t\t<div class=\"elementor-element elementor-element-2b1eb56 elementor-widget elementor-widget-spacer\" data-id=\"2b1eb56\" data-element_type=\"widget\" data-widget_type=\"spacer.default\">\n\t\t\t\t<div class=\"elementor-widget-container\">\n\t\t\t\t\t\t\t<div class=\"elementor-spacer\">\n\t\t\t<div class=\"elementor-spacer-inner\"><\/div>\n\t\t<\/div>\n\t\t\t\t\t\t<\/div>\n\t\t\t\t<\/div>\n\t\t\t\t<div class=\"elementor-element elementor-element-92f6b2a elementor-widget__width-inherit elementor-widget elementor-widget-heading\" data-id=\"92f6b2a\" data-element_type=\"widget\" data-widget_type=\"heading.default\">\n\t\t\t\t<div class=\"elementor-widget-container\">\n\t\t\t\t\t<h2 class=\"elementor-heading-title elementor-size-default\">Pol\u00edtica de privacidade<\/h2>\t\t\t\t<\/div>\n\t\t\t\t<\/div>\n\t\t\t\t<div class=\"elementor-element elementor-element-4221e8b2 elementor-widget elementor-widget-text-editor\" data-id=\"4221e8b2\" data-element_type=\"widget\" data-widget_type=\"text-editor.default\">\n\t\t\t\t<div class=\"elementor-widget-container\">\n\t\t\t\t\t\t\t\t\t<p>A Pol\u00edtica de Privacidade da Trendprix Inteligencia em Investimentos LTDA \u2013 CNPJ 41.263.394\/0001-58 (\u201cTrendPrix\u201d) \u00e9 parte integrante dos Termos de Uso e tem como objetivo informar o Usu\u00e1rio sobre o tratamento, armazenamento, prote\u00e7\u00e3o e seguran\u00e7a dos dados cadastrais e financeiros fornecidos pelos usu\u00e1rios durante a utiliza\u00e7\u00e3o da Plataforma, em observ\u00e2ncia \u00e0 legisla\u00e7\u00e3o e regulamenta\u00e7\u00e3o em vigor.<\/p>\n<p>Ao assinar ou adquirir quaisquer de nossos produtos, cadastrar-se em nossas Newsletters e\/ou navegar em nosso site, o usu\u00e1rio concorda e sujeita-se \u00e0s disposi\u00e7\u00f5es da presente Pol\u00edtica de Privacidade. Dessa forma, \u00e9 imprescind\u00edvel que o usu\u00e1rio leia e compreenda, integralmente, os termos aqui tratados.<\/p>\n<p><strong>1 DADOS COLETADOS<\/strong><br \/>A TrendPrix coleta dados referentes ao Usu\u00e1rio e \u00e0 utiliza\u00e7\u00e3o da Plataforma, nos termos definidos pela Lei n\u00ba 13.709\/2018 \u2013 Lei Geral de Prote\u00e7\u00e3o de Dados, para atuar de forma eficaz e proporcionar ao Usu\u00e1rio as melhores experi\u00eancias com os produtos e conte\u00fados disponibilizados na Plataforma. Nesse contexto, \u00e9 considerado dado pessoal toda informa\u00e7\u00e3o relacionada \u00e0 pessoa natural identificada ou identific\u00e1vel.<\/p>\n<p>Alguns destes dados pessoais (ex.: nome completo, telefone, endere\u00e7o de e-mail, CPF, etc.) s\u00e3o diretamente fornecidos pelo Usu\u00e1rio, por meio de (i) cadastro na Plataforma. Ademais, a TrendPrix poder\u00e1 obter alguns desses dados por meio de (ii) utiliza\u00e7\u00e3o de tecnologias, tais como cookies; (iii) recebimento de relat\u00f3rios de erros ou dados de uso de software, que fornecer\u00e3o \u00e0 TrendPrix informa\u00e7\u00f5es acerca da utiliza\u00e7\u00e3o da Plataforma pelo Usu\u00e1rio, de eventuais erros no sistema e\/ou da visualiza\u00e7\u00e3o dos produtos e conte\u00fados disponibilizados na Plataforma. Por fim, a TrendPrix tamb\u00e9m poder\u00e1 obter dados por (iv) interm\u00e9dio de terceiros, parceiros ou n\u00e3o, que s\u00e3o encarregados de obter o consentimento do titular do dado pessoal.<\/p>\n<p>\u00c9 poss\u00edvel que a TrendPrix colete dados espec\u00edficos do Usu\u00e1rio, al\u00e9m dos supracitados, para ser utilizados em pesquisas t\u00e9cnicas e para fins estat\u00edsticos. Ao responder question\u00e1rios eletr\u00f4nicos de avalia\u00e7\u00e3o, os dados e informa\u00e7\u00f5es inseridos por voc\u00ea (Usu\u00e1rio) ser\u00e3o arquivados em um banco de dados geral e utilizados de forma consolidada como parte de estudos e pesquisa. O compartilhamento desses dados inseridos em question\u00e1rios eletr\u00f4nicos depender\u00e1 de pr\u00e9via coleta de consentimento espec\u00edfico.<\/p>\n<p>Importa ressaltar que a TrendPrix n\u00e3o realiza a coleta de dados pessoais sens\u00edveis, quais sejam, dados pessoais sobre origem racial ou \u00e9tnica, convic\u00e7\u00e3o religiosa, opini\u00e3o pol\u00edtica, filia\u00e7\u00e3o a sindicato ou a organiza\u00e7\u00e3o de car\u00e1ter religioso, filos\u00f3fico ou pol\u00edtico, dado referente \u00e0 sa\u00fade ou \u00e0 vida sexual, dado gen\u00e9tico ou biom\u00e9trico, quando vinculado a uma pessoa natural.<\/p>\n<p>A TrendPrix compreende a import\u00e2ncia de proteger os dados pessoais e a privacidade de crian\u00e7as e adolescente. Desse modo, embora nossa Plataforma e nossos servi\u00e7os n\u00e3o s\u00e3o projetados ou intencionalmente direcionados a crian\u00e7as e adolescentes, em eventuais coletas desses tipos de dados pessoais, o tratamento dar-se-\u00e1 almejando o melhor interesse da crian\u00e7a e\/ou do adolescente, nos termos da legisla\u00e7\u00e3o vigente.<\/p>\n<p><strong>1.1 Dados de Cadastro e Perfil<\/strong><\/p>\n<p><br \/>Para receber nossas Newsletter, o Usu\u00e1rio informar\u00e1 o seu endere\u00e7o de e-mail. Por sua vez, para acessar nossos relat\u00f3rios, publica\u00e7\u00f5es, conte\u00fados assinados, monitorias e cursos, o Usu\u00e1rio dever\u00e1 efetuar seu cadastro na Plataforma, criando login e senha, no qual fornecer\u00e1 informa\u00e7\u00f5es pessoais,<\/p>\n<p>tais como, nome completo, endere\u00e7o de e-mail, telefone, n\u00famero de CPF, entre outras, que dever\u00e3o ser, periodicamente, atualizadas pelo Usu\u00e1rio, al\u00e9m de outros dados pr\u00f3prios, inclusive relativos ao meio de pagamento utilizado. Estas informa\u00e7\u00f5es s\u00e3o fornecidas voluntariamente e sua atualiza\u00e7\u00e3o poder\u00e1 ser requerida regularmente.<\/p>\n<p>Ao efetuar seu cadastro na Plataforma, o Usu\u00e1rio concorda e sujeita-se \u00e0s disposi\u00e7\u00f5es da presente Pol\u00edtica de Privacidade.<\/p>\n<p>H\u00e1 informa\u00e7\u00f5es que poder\u00e3o ser coletadas automaticamente, atrav\u00e9s da utiliza\u00e7\u00e3o de \u201ccookies\u201d, para coletar determinadas informa\u00e7\u00f5es durante a navega\u00e7\u00e3o do Usu\u00e1rio na Plataforma, de modo a adequar os interesses e necessidades do Usu\u00e1rio aos conte\u00fados disponibilizados na Plataforma, garantindo uma melhor experi\u00eancia.<\/p>\n<p><strong>1.2 Compras On-Line<\/strong><\/p>\n<p><br \/>Para que o Assinante efetue a contrata\u00e7\u00e3o do Plano de Assinatura, ser\u00e1 necess\u00e1rio informar \u00e0 TrendPrix, por meio da Plataforma, determinados dados pessoais para pagamento, al\u00e9m dos dados j\u00e1 informados no cadastro do Assinante, tais como dados de cart\u00f5es de cr\u00e9dito. A TrendPrix assegura ao Assinante que todas as informa\u00e7\u00f5es fornecidas para pagamento ser\u00e3o encriptadas e devidamente protegidas de qualquer acesso externo, sendo que a TrendPrix envidar\u00e1 seus melhores esfor\u00e7os para proteger os dados de seus Assinantes de quaisquer terceiros.<\/p>\n<p><strong>1.3 Cookies<\/strong><\/p>\n<p><br \/>Para que sua experi\u00eancia conosco seja otimizada, nossos websites utilizam-se de cookies de navega\u00e7\u00e3o. Estes Cookies s\u00e3o pequenos pacotes de dados\/arquivos enviados por um servidor para o navegador do Usu\u00e1rio, nos quais ficam armazenados informa\u00e7\u00f5es relacionadas \u00e0 navega\u00e7\u00e3o, para que nosso servidor possa acess\u00e1-las posteriormente.<\/p>\n<p>Durante a utiliza\u00e7\u00e3o da Plataforma pelo Usu\u00e1rio, cadastrado ou n\u00e3o, a TrendPrix poder\u00e1 utilizar 04 (quatro) tipos de \u201cCookies\u201d:<\/p>\n<p>Cookies de Autentica\u00e7\u00e3o: servem para reconhecer um determinado Usu\u00e1rio, possibilitando o acesso e utiliza\u00e7\u00e3o da Plataforma com conte\u00fado e\/ou servi\u00e7os restritos e proporcionando experi\u00eancias de navega\u00e7\u00e3o mais personalizadas;<br \/>Cookies de Seguran\u00e7a: s\u00e3o utilizados para ativar recursos de seguran\u00e7a da Plataforma, com a finalidade de auxiliar o monitoramento e\/ou detec\u00e7\u00e3o de atividades maliciosas ou vedadas pelos Termos de Uso e por esta Pol\u00edtica de Privacidade, bem como de proteger as informa\u00e7\u00f5es do Usu\u00e1rio do acesso por terceiros n\u00e3o autorizados;<br \/>Cookies de Pesquisa, An\u00e1lise e Desempenho: a finalidade deste tipo de cookie \u00e9 ajudar a entender o desempenho da Plataforma, medir a audi\u00eancia da Plataforma, verificar os h\u00e1bitos de navega\u00e7\u00e3o dos Usu\u00e1rios na Plataforma), bem como identificar a forma pela qual o Usu\u00e1rio acessou a Plataforma (por exemplo, atrav\u00e9s de links de outros sites, buscadores ou diretamente pelo endere\u00e7o); e<br \/>Cookies de Propaganda: s\u00e3o usados para apresentar publicidade relevante ao Usu\u00e1rio, tanto dentro quanto fora da Plataforma ou em sites de parceiros, bem como para saber se os Usu\u00e1rios que visualizaram a publicidade visitaram a Plataforma ap\u00f3s terem visto a publicidade. Os Cookies de Propaganda tamb\u00e9m podem ser utilizados para lembrar eventuais pesquisas realizadas pelos Usu\u00e1rios na Plataforma e, com base nas pesquisas realizadas pelo Usu\u00e1rio na Plataforma, apresentar a tal Usu\u00e1rio eventuais an\u00fancios relacionados aos seus interesses.<br \/>As informa\u00e7\u00f5es eventualmente armazenadas em Cookies, que possibilitam a identifica\u00e7\u00e3o de um Usu\u00e1rio, s\u00e3o consideradas dados pessoais. Assim, todas as regras previstas nesta Pol\u00edtica de Privacidade tamb\u00e9m lhes s\u00e3o aplic\u00e1veis.<\/p>\n<p>Sem preju\u00edzo do disposto acima, o Usu\u00e1rio poder\u00e1, conforme sua prefer\u00eancia, negar o armazenamento de cookies em disco r\u00edgido. Contudo, a TrendPrix ressalta que, neste caso, a Plataforma n\u00e3o operar\u00e1 com todas as suas funcionalidades e o Usu\u00e1rio n\u00e3o ter\u00e1 acesso a todas as vantagens e produtos oferecidos pela TrendPrix.<\/p>\n<p><strong>1.4 Dados de Navega\u00e7\u00e3o<\/strong><br \/><strong>Para os fins descritos no item 1.2<\/strong>, a TrendPrix poder\u00e1 coletar, armazenar, tratar, processar e utilizar as seguintes informa\u00e7\u00f5es a respeito da navega\u00e7\u00e3o do Usu\u00e1rio, cadastrado ou n\u00e3o na Plataforma, que integram os \u201cRegistros de Navega\u00e7\u00e3o\u201d:<br \/>Localiza\u00e7\u00e3o geogr\u00e1fica;<br \/>Sistema operacional utilizado pelo Usu\u00e1rio;<br \/>Navegador e suas respectivas vers\u00f5es;<br \/>Resolu\u00e7\u00e3o de tela;<br \/>Java (linguagem de programa\u00e7\u00e3o);<br \/>Reprodutor de flash instalado;<br \/>Endere\u00e7o IP;<br \/>C\u00f3digo ID (IMEI) do aparelho m\u00f3vel pelo qual o Usu\u00e1rio acessou a Plataforma;<br \/>Informa\u00e7\u00f5es referentes \u00e0 data e hora de uso da Plataforma por um determinado Usu\u00e1rio, a partir de um determinado Endere\u00e7o IP;<br \/>A\u00e7\u00f5es do Usu\u00e1rio referentes \u00e0s quantidades de cliques e tentativas de uso da Plataforma, bem como de p\u00e1ginas acessadas pelo Usu\u00e1rio.<br \/>A TrendPrix poder\u00e1 avaliar (i) a frequ\u00eancia e quantidade dos acessos do Usu\u00e1rio \u00e0 Plataforma e \u00e0 \u00e1rea exclusiva do Assinante; (ii) o n\u00famero de downloads; (iii) as impress\u00f5es de suas publica\u00e7\u00f5es; e (iv) as visualiza\u00e7\u00f5es dos informativos, publica\u00e7\u00f5es e\/ou quaisquer outros produtos disponibilizados na Plataforma, a fim de identificar condutas fraudulentas, de reprodu\u00e7\u00e3o indevida ou de eventual compartilhamento do acesso pessoal, aplicando \u00e0s san\u00e7\u00f5es devidas.<\/p>\n<p><strong>2 FUNDAMENTOS LEGAIS PARA O TRATAMENTO DOS DADOS PESSOAIS<\/strong><\/p>\n<p><br \/>O Assinante dever\u00e1 fornecer \u00e0 TrendPrix determinadas informa\u00e7\u00f5es pessoais para utiliza\u00e7\u00e3o da Plataforma, conforme indicado nos Termos de Uso, criando um nome de usu\u00e1rio e uma senha para acessar o seu perfil na Plataforma. Contudo, os dados informados para a realiza\u00e7\u00e3o de seu cadastro s\u00e3o confidenciais, e n\u00e3o ser\u00e3o revelados pela TrendPrix a terceiros em nenhuma hip\u00f3tese.<\/p>\n<p>Em observ\u00e2ncia \u00e0 legisla\u00e7\u00e3o, a TrendPrix realizar\u00e1 o tratamento dos dados pessoais do Usu\u00e1rio, com base nas seguintes hip\u00f3teses:<\/p>\n<p>Atrav\u00e9s do consentimento do titular do dado pessoal, principalmente, quanto \u00e0 concess\u00e3o de acessos \u00e0 Plataforma mantida pela TrendPrix ou disponibiliza\u00e7\u00e3o de materiais, campanhas e conte\u00fado de marketing, lan\u00e7amentos e benef\u00edcios;<br \/>Mediante leg\u00edtimo interesse da TrendPrix, para o devido oferecimento e entrega dos nossos servi\u00e7os, al\u00e9m do eficaz funcionamento dos neg\u00f3cios;<br \/>Para o cumprimento de obriga\u00e7\u00e3o legal ou regulat\u00f3ria aplic\u00e1vel, que exijam a coleta, o armazenamento e o compartilhamento de dados pessoais do Usu\u00e1rio (ex.: cumprimento de obriga\u00e7\u00f5es tribut\u00e1rias e\/ou fiscais; cumprimento do combate \u00e0 corrup\u00e7\u00e3o, lavagem de dinheiro e financiamento do terrorismo, fraude e condutas irregulares).<br \/>No exer\u00edcio regular de direitos da TrendPrix em processo judicial, administrativo ou arbitral;<br \/>Para a prote\u00e7\u00e3o da vida ou da incolumidade f\u00edsica do titular do dado pessoal ou de terceiro e\/ou tutela da sua sa\u00fade;<br \/>Para a prote\u00e7\u00e3o do cr\u00e9dito, conforme o disposto na legisla\u00e7\u00e3o vigente.<\/p>\n<p><br \/><strong>3 PROTE\u00c7\u00c3O DOS DADOS PESSOAIS<\/strong><\/p>\n<p><br \/>TrendPrix assegura que todos os dados de seus Assinantes s\u00e3o tratados como sendo estritamente confidenciais e somente ser\u00e3o compartilhados para o exerc\u00edcio de suas atividades ou de seus parceiros.<\/p>\n<p>Todos os dados coletados dos Usu\u00e1rios s\u00e3o protegidos atrav\u00e9s da ado\u00e7\u00e3o de medidas t\u00e9cnicas e organizacionais, com processos de criptografia e monitoramento, para que se mantenham seguros, precisos e atualizados. Para a garantia de seguran\u00e7a, s\u00e3o adotadas solu\u00e7\u00f5es que levem em considera\u00e7\u00e3o: as t\u00e9cnicas adequadas; os custos de aplica\u00e7\u00e3o; a natureza, o \u00e2mbito, o contexto e as finalidades do tratamento; e os riscos para os direitos e liberdades do usu\u00e1rio.<\/p>\n<p>Tais medidas incluem: treinamento de todos que interajam com os dados, para que eles estejam cientes de nossas obriga\u00e7\u00f5es de privacidade e prote\u00e7\u00e3o de dados ao lidar com dados pessoais; controles administrativos e t\u00e9cnicos para restringir o acesso a dados pessoais, condicionados \u00e0 necessidade de conhecimento; Medidas tecnol\u00f3gicas de seguran\u00e7a, incluindo firewalls, criptografia e software antiv\u00edrus; e medidas de seguran\u00e7a f\u00edsica, tais como QR-Code e biometria para o acesso \u00e0s nossas instala\u00e7\u00f5es.<\/p>\n<p><strong>4 COMPARTILHAMENTO DOS DADOS PESSOAIS<\/strong><\/p>\n<p><br \/>Os dados pessoais dos Usu\u00e1rios poder\u00e3o ser compartilhados, desde que observada a legisla\u00e7\u00e3o vigente e com base no leg\u00edtimo interesse da controladora, com a finalidade espec\u00edfica de apoiar e promover as atividades e os neg\u00f3cios da TrendPrix.<\/p>\n<p>4.1 Com quem os dados poder\u00e3o ser compartilhados<br \/>Organiza\u00e7\u00f5es parceiras (como, por exemplo, corretoras, agentes aut\u00f4nomos de investimentos, bandeiras de cart\u00e3o de cr\u00e9dito, ag\u00eancias de publicidade e anunciantes de produtos e servi\u00e7os relacionados \u00e0 TrendPrix);<br \/>Terceiros que contribuam para as atividades desempenhadas pela TrendPrix, desde que devidamente aprovados pelos processos de seguran\u00e7a;<br \/>Organiza\u00e7\u00f5es do mesmo grupo econ\u00f4mico da TrendPrix, em caso de movimenta\u00e7\u00f5es societ\u00e1rias, tais como fus\u00e3o, aquisi\u00e7\u00e3o ou incorpora\u00e7\u00e3o;<br \/>Autoridades judiciais, administrativas ou governamentais competentes, sempre que houver determina\u00e7\u00e3o legal, requerimento, requisi\u00e7\u00e3o ou ordem judicial;<br \/>Ressaltamos que os agentes indicados nos itens I, II e III n\u00e3o est\u00e3o autorizados a divulgar tais informa\u00e7\u00f5es de qualquer outra maneira que n\u00e3o as previstas nesta Pol\u00edtica de Privacidade e\/ou nos respectivos contratos de parceria.<\/p>\n<p>A TrendPrix poder\u00e1 compartilhar informa\u00e7\u00f5es n\u00e3o pessoais, n\u00e3o identificadas e agregadas com terceiros para diversos fins, incluindo an\u00e1lise de dados, pesquisas, contribui\u00e7\u00f5es, conte\u00fados de emin\u00eancia e fins promocionais.<\/p>\n<p><strong>5 DIREITOS DO TITULAR DOS DADOS PESSOAIS<\/strong><\/p>\n<p><br \/>O titular dos dados pessoais possui diversos direitos garantidos pela Lei Geral de prote\u00e7\u00e3o de Dados, os quais poder\u00e3o ser exercidos a qualquer tempo, de forma gratuita, atrav\u00e9s de solicita\u00e7\u00e3o \u00e0 TrendPrix pelo chat, caso seja cliente ou pelo e-mail trendprixbr@gmail.com, mencionando a LGPD na primeira mensagem.<\/p>\n<p>\u00c0 t\u00edtulo informativo, o titular possui os direitos a seguir, incluindo, mas n\u00e3o se limitando a:<\/p>\n<p>Obter confirma\u00e7\u00e3o acerca do tratamento de seus dados pessoais e solicitar uma c\u00f3pia de seus dados pessoais mantidos pela TrendPrix;<br \/>Solicitar altera\u00e7\u00e3o de seus dados pessoais mantidos pela TrendPrix ou corre\u00e7\u00e3o dos dados que acredita estar incorretos ou incompletos;<br \/>Retirar o consentimento concedido para o tratamento de seus dados pessoais, bem como solicitar sua elimina\u00e7\u00e3o (quanto os dados mantidos apenas com base no consentimento);<br \/>Obter informa\u00e7\u00f5es acerca do uso compartilhado de seus dados, quando aplic\u00e1vel;<br \/>Solicitar que alguns de seus dados pessoais entendidos como desnecess\u00e1rios, excessivos ou tratados em desconformidade com a Lei Geral de Prote\u00e7\u00e3o de Dados, sejam anonimizados, bloqueados ou eliminados.<\/p>\n<p><br \/><strong>PRAZO DE ARMAZENAMENTO DOS DADOS PESSOAIS<\/strong><br \/>Os dados pessoais coletados ser\u00e3o mantidos em nossa base pelo maior dos per\u00edodos a seguir, nos termos da legisla\u00e7\u00e3o vigente:<br \/>Enquanto for necess\u00e1rio para o exerc\u00edcio das atividades ou servi\u00e7os relevantes ao neg\u00f3cio da TrendPrix;<br \/>Enquanto perdurar o consentimento v\u00e1lido do titular do dado pessoal, nas hip\u00f3teses aplic\u00e1veis;<br \/>Qualquer per\u00edodo de reten\u00e7\u00e3o exigido por lei;<br \/>At\u00e9 o final do per\u00edodo em que os lit\u00edgios ou investiga\u00e7\u00f5es relacionadas aos servi\u00e7os possam surgir.<br \/>Importa salientar que, ainda que seja solicitada a elimina\u00e7\u00e3o de seus dados de nossa base, a TrendPrix poder\u00e1 mant\u00ea-los armazenados, desde que: (i) seja necess\u00e1rio ao cumprimento de obriga\u00e7\u00f5es legais e\/ou regulat\u00f3rias; (ii) embasem estudos por \u00f3rg\u00e3o de pesquisa, garantida, sempre que poss\u00edvel, a anonimiza\u00e7\u00e3o dos dados; (iii) uso exclusivo da TrendPrix, vedado o acesso a quaisquer terceiros. N\u00e3o obstante, a solicita\u00e7\u00e3o de exclus\u00e3o por parte do titular do dado ser\u00e1 registrada.<\/p>\n<p><strong>DISPOSI\u00c7\u00d5ES FINAIS<\/strong><\/p>\n<p><br \/>A invalidade ou inefic\u00e1cia, no todo ou em parte, de qualquer dos termos ou condi\u00e7\u00f5es tratadas nesta Pol\u00edtica de Privacidade n\u00e3o afetar\u00e1 os demais, que permanecer\u00e3o sempre v\u00e1lidas e eficazes.<\/p>\n<p>Caso o Usu\u00e1rio receba da TrendPrix mensagens de e-mail indesejadas ou deseje cancelar a sua solicita\u00e7\u00e3o para recebimento de conte\u00fados por e-mail, poder\u00e1 cancelar o referido envio clicando no link indicado para cancelamento em qualquer dos e-mails enviados pela TrendPrix.<\/p>\n<p>Se o Usu\u00e1rio tiver alguma d\u00favida sobre a Pol\u00edtica de Privacidade, poder\u00e1 entrar em contato com a TrendPrix pelo chat, caso seja cliente ou pelo e-mail trendprixbr@gmail.com.<\/p>\n<p>\u00c9 reservado \u00e0 TrendPrix o direito de alterar a presente Pol\u00edtica de Privacidade a qualquer tempo, sem aviso pr\u00e9vio. Por isso, recomenda-se a leitura peri\u00f3dica dos termos e condi\u00e7\u00f5es aqui tratadas.<\/p>\t\t\t\t\t\t\t\t<\/div>\n\t\t\t\t<\/div>\n\t\t\t\t\t<\/div>\n\t\t<\/div>\n\t\t\t\t\t<\/div>\n\t\t<\/section>\n\t\t<div class=\"elementor-element elementor-element-8cd3a3d e-flex e-con-boxed e-con e-parent\" data-id=\"8cd3a3d\" data-element_type=\"container\">\n\t\t\t\t\t<div class=\"e-con-inner\">\n\t\t\t\t\t<\/div>\n\t\t\t\t<\/div>\n\t\t\t\t<\/div>\n\t\t","protected":false},"excerpt":{"rendered":"<p>Pol\u00edtica de privacidade A Pol\u00edtica de Privacidade da Trendprix Inteligencia em Investimentos LTDA \u2013 CNPJ 41.263.394\/0001-58 (\u201cTrendPrix\u201d) \u00e9 parte integrante dos Termos de Uso e tem como objetivo informar o Usu\u00e1rio sobre o tratamento, armazenamento, prote\u00e7\u00e3o e seguran\u00e7a dos dados cadastrais e financeiros fornecidos pelos usu\u00e1rios durante a utiliza\u00e7\u00e3o da Plataforma, em observ\u00e2ncia \u00e0 legisla\u00e7\u00e3o [&hellip;]<\/p>\n","protected":false},"author":1,"featured_media":0,"parent":0,"menu_order":0,"comment_status":"closed","ping_status":"open","template":"","meta":{"_joinchat":[],"footnotes":""},"class_list":["post-3","page","type-page","status-publish","hentry"],"_links":{"self":[{"href":"https:\/\/trendprix.com\/index.php\/wp-json\/wp\/v2\/pages\/3","targetHints":{"allow":["GET"]}}],"collection":[{"href":"https:\/\/trendprix.com\/index.php\/wp-json\/wp\/v2\/pages"}],"about":[{"href":"https:\/\/trendprix.com\/index.php\/wp-json\/wp\/v2\/types\/page"}],"author":[{"embeddable":true,"href":"https:\/\/trendprix.com\/index.php\/wp-json\/wp\/v2\/users\/1"}],"replies":[{"embeddable":true,"href":"https:\/\/trendprix.com\/index.php\/wp-json\/wp\/v2\/comments?post=3"}],"version-history":[{"count":28,"href":"https:\/\/trendprix.com\/index.php\/wp-json\/wp\/v2\/pages\/3\/revisions"}],"predecessor-version":[{"id":1537,"href":"https:\/\/trendprix.com\/index.php\/wp-json\/wp\/v2\/pages\/3\/revisions\/1537"}],"wp:attachment":[{"href":"https:\/\/trendprix.com\/index.php\/wp-json\/wp\/v2\/media?parent=3"}],"curies":[{"name":"wp","href":"https:\/\/api.w.org\/{rel}","templated":true}]}}